{"id":2195,"date":"2020-09-04T17:37:51","date_gmt":"2020-09-04T17:37:51","guid":{"rendered":"https:\/\/www.somossapiens.com\/politica-de-privacidad\/"},"modified":"2024-10-29T11:05:22","modified_gmt":"2024-10-29T10:05:22","slug":"privacy-policy","status":"publish","type":"page","link":"https:\/\/www.somossapiens.com\/en\/privacy-policy\/","title":{"rendered":"Privacy Policy"},"content":{"rendered":"\t\t<div data-elementor-type=\"wp-page\" data-elementor-id=\"2195\" class=\"elementor elementor-2195 elementor-3\" data-elementor-post-type=\"page\">\n\t\t\t\t\t\t<section data-particle_enable=\"false\" data-particle-mobile-disabled=\"false\" class=\"elementor-section elementor-top-section elementor-element elementor-element-12edb8e elementor-section-boxed elementor-section-height-default elementor-section-height-default\" data-id=\"12edb8e\" data-element_type=\"section\" data-e-type=\"section\">\n\t\t\t\t\t\t<div class=\"elementor-container elementor-column-gap-default\">\n\t\t\t\t\t<div class=\"elementor-column elementor-col-50 elementor-top-column elementor-element elementor-element-871a6a4\" data-id=\"871a6a4\" data-element_type=\"column\" data-e-type=\"column\">\n\t\t\t<div class=\"elementor-widget-wrap elementor-element-populated\">\n\t\t\t\t\t\t<div class=\"elementor-element elementor-element-90873a0 elementor-widget elementor-widget-heading\" data-id=\"90873a0\" data-element_type=\"widget\" data-e-type=\"widget\" data-widget_type=\"heading.default\">\n\t\t\t\t<div class=\"elementor-widget-container\">\n\t\t\t\t\t<h2 class=\"elementor-heading-title elementor-size-default\">Privacy Policy<\/h2>\t\t\t\t<\/div>\n\t\t\t\t<\/div>\n\t\t\t\t\t<\/div>\n\t\t<\/div>\n\t\t\t\t<div class=\"elementor-column elementor-col-50 elementor-top-column elementor-element elementor-element-6100092\" data-id=\"6100092\" data-element_type=\"column\" data-e-type=\"column\">\n\t\t\t<div class=\"elementor-widget-wrap\">\n\t\t\t\t\t\t\t<\/div>\n\t\t<\/div>\n\t\t\t\t\t<\/div>\n\t\t<\/section>\n\t\t\t\t<section data-particle_enable=\"false\" data-particle-mobile-disabled=\"false\" class=\"elementor-section elementor-top-section elementor-element elementor-element-a30a07b elementor-section-boxed elementor-section-height-default elementor-section-height-default\" data-id=\"a30a07b\" data-element_type=\"section\" data-e-type=\"section\">\n\t\t\t\t\t\t<div class=\"elementor-container elementor-column-gap-default\">\n\t\t\t\t\t<div class=\"elementor-column elementor-col-100 elementor-top-column elementor-element elementor-element-23d2b53\" data-id=\"23d2b53\" data-element_type=\"column\" data-e-type=\"column\">\n\t\t\t<div class=\"elementor-widget-wrap elementor-element-populated\">\n\t\t\t\t\t\t<div class=\"elementor-element elementor-element-795ae28 elementor-widget elementor-widget-text-editor\" data-id=\"795ae28\" data-element_type=\"widget\" data-e-type=\"widget\" data-widget_type=\"text-editor.default\">\n\t\t\t\t<div class=\"elementor-widget-container\">\n\t\t\t\t\t\t\t\t\t<p>La privacidad es de gran importancia para <b>SOMOSSAPIENS S.L.U.<\/b>\u00a0y queremos mantener una actitud abierta y transparente al tratar sus datos personales.<\/p><p>Por lo tanto, disponemos de una pol\u00edtica que establece c\u00f3mo se tratan y protegen sus datos personales.<\/p><p><span style=\"color: var( --e-global-color-002a5bb ); font-size: 1rem;\"><b>\u00bfQui\u00e9n es el responsable del tratamiento de sus datos?<\/b><\/span><\/p><p><span style=\"font-size: 1rem; color: var( --e-global-color-002a5bb );\">DENOMINACI\u00d3N SOCIAL.- <b>SOMOSSAPIENS S.L.U.<\/b><br \/><\/span><span style=\"color: var( --e-global-color-002a5bb ); font-size: 1rem;\">CIF.- <b>B87279816<br \/><\/b><\/span><span style=\"color: var( --e-global-color-002a5bb ); font-size: 1rem;\">DOMICILIO SOCIAL.- <b>C\/ PINTOR JUAN GRIS 4, 2\u00baB, 28020, MADRID<\/b><br \/><\/span><span style=\"color: var( --e-global-color-002a5bb ); font-size: 1rem;\">CORREO ELECTR\u00d3NICO DE CONTACTO.- <b>PDATOS@SOMOSSAPIENS.COM<\/b><\/span><\/p><p><span style=\"color: var( --e-global-color-002a5bb ); font-size: 1rem;\"><b>\u00bfCon qu\u00e9 finalidad tratamos sus datos personales?<\/b><\/span><\/p><p><span style=\"color: var( --e-global-color-002a5bb ); font-size: 1rem;\">En <b>SOMOSSAPIENS S.L.U.<\/b> tratamos la informaci\u00f3n que nos facilitan las personas\u00a0<\/span><span style=\"color: var( --e-global-color-002a5bb ); font-size: 1rem;\">interesadas con el fin de poner a disposici\u00f3n de terceros los servicios que ofrecemos y gestionar las\u00a0<\/span><span style=\"color: var( --e-global-color-002a5bb ); font-size: 1rem;\">consultas, peticiones y solicitudes de los servicios solicitados, as\u00ed como enviar comunicaciones\u00a0<\/span><span style=\"color: var( --e-global-color-002a5bb ); font-size: 1rem;\">comerciales sobre nuestros productos y servicios, para cuyo consentimiento usted haya prestado.<\/span><\/p><p><span style=\"color: var( --e-global-color-002a5bb ); font-size: 1rem;\"><b>\u00bfPor cu\u00e1nto tiempo conservaremos sus datos?<\/b><\/span><\/p><p><span style=\"color: var( --e-global-color-002a5bb ); font-size: 1rem;\">Los datos se conservar\u00e1n mientras se mantenga la relaci\u00f3n comercial, y en su caso, durante los a\u00f1os\u00a0<\/span><span style=\"color: var( --e-global-color-002a5bb ); font-size: 1rem;\">necesarios para cumplir con las obligaciones legales que resulte de aplicaci\u00f3n.<\/span><\/p><p><span style=\"color: var( --e-global-color-002a5bb ); font-size: 1rem;\"><b>\u00bfCu\u00e1l es la legitimaci\u00f3n para el tratamiento de sus datos?<\/b><\/span><\/p><p><span style=\"color: var( --e-global-color-002a5bb ); font-size: 1rem;\">Le indicamos la base legal para el tratamiento de sus datos:<\/span><\/p><ul><li><span style=\"color: var( --e-global-color-002a5bb ); font-size: 1rem;\">Ejecuci\u00f3n de un contrato: Prestaci\u00f3n de los servicios solicitados.<\/span><\/li><li>Consentimiento del interesado: Env\u00edo de comunicaciones comerciales.<\/li><\/ul><p><b>\u00bfA qu\u00e9 destinatarios se comunicar\u00e1n sus datos?<\/b><\/p><p>\u00danicamente se ceder\u00e1n sus datos para dar cumplimiento a obligaciones legales.<\/p><p><b>Transferencias de datos a terceros pa\u00edses<\/b><\/p><p>No est\u00e1n previstas transferencias de datos a terceros pa\u00edses.<\/p><p><b>\u00bfCu\u00e1les son sus derechos cuando nos facilita sus datos?<\/b><\/p><p>Cualquier persona tiene derecho a obtener confirmaci\u00f3n sobre si en <b>SOMOSSAPIENS S.L.U. <\/b>estamos tratando datos personales que les conciernan, o no.<\/p><p>Las personas interesadas tienen derecho a acceder a sus datos personales, as\u00ed como a solicitar la rectificaci\u00f3n de los datos inexactos o, en su caso, solicitar su supresi\u00f3n cuando, entre otros motivos, los datos ya no sea necesarios para los fines que fueron recogidos.<\/p><p>En determinadas circunstancias, los interesados podr\u00e1n solicitar la limitaci\u00f3n del tratamiento de sus datos, en cuyo caso \u00fanicamente los conservaremos para el ejercicio o la defensa de reclamaciones.<\/p><p>En determinadas circunstancias y por motivos relacionados con su situaci\u00f3n particular, los interesados podr\u00e1n oponerse al tratamiento de sus datos. En este caso, <b>SOMOSSAPIENS S.L.U.<\/b>\u00a0dejar\u00e1 de tratar los datos, salvo por motivos leg\u00edtimos imperiosos, o el ejercicio o la defensa de posibles reclamaciones.<\/p><p>Podr\u00e1 ejercitar materialmente sus derechos de la siguiente forma: dirigi\u00e9ndose a la direcci\u00f3n de correo electr\u00f3nico del responsable del tratamiento rese\u00f1ado anteriormente adjuntando copia de su DNI o documento de identidad.<\/p><p>Si ha otorgado su consentimiento para alguna finalidad concreta, tiene derecho a retirar el consentimiento otorgado en cualquier momento, sin que ello afecte a la licitud del tratamiento basado en el consentimiento previo a su retirada.<\/p><p>En caso de que sienta vulnerados sus derechos en lo concerniente a la protecci\u00f3n de sus datos personales, especialmente cuando no haya obtenido satisfacci\u00f3n en el ejercicio de sus derechos, puede presentar una reclamaci\u00f3n ante la Autoridad de Control en materia de Protecci\u00f3n de Datos competente a trav\u00e9s de su sitio web: www.agpd.es.<\/p><p><b>\u00bfC\u00f3mo hemos obtenido sus datos?<\/b><\/p><p>Los datos personales que tratamos en <b>SOMOSSAPIENS S.L.U.<\/b> han sido directamente proporcionados por el interesado.<\/p><p>Las categor\u00edas de datos que se tratan son:<\/p><ul><li>Datos identificativos.<\/li><li>Direcciones postales y electr\u00f3nicas.<\/li><li>Informaci\u00f3n comercial.<\/li><\/ul>\t\t\t\t\t\t\t\t<\/div>\n\t\t\t\t<\/div>\n\t\t\t\t\t<\/div>\n\t\t<\/div>\n\t\t\t\t\t<\/div>\n\t\t<\/section>\n\t\t\t\t<\/div>\n\t\t","protected":false},"excerpt":{"rendered":"<p>Privacy Policy La privacidad es de gran importancia para SOMOSSAPIENS S.L.U.\u00a0y queremos mantener una actitud abierta y transparente al tratar sus datos personales. Por lo tanto, disponemos de una pol\u00edtica que establece c\u00f3mo se tratan y protegen sus datos personales. \u00bfQui\u00e9n es el responsable del tratamiento de sus datos? DENOMINACI\u00d3N SOCIAL.- SOMOSSAPIENS S.L.U.CIF.- B87279816DOMICILIO SOCIAL.- [&hellip;]<\/p>\n","protected":false},"author":1,"featured_media":0,"parent":0,"menu_order":0,"comment_status":"closed","ping_status":"open","template":"","meta":{"_acf_changed":false,"footnotes":""},"class_list":["post-2195","page","type-page","status-publish","hentry"],"acf":[],"yoast_head":"<!-- This site is optimized with the Yoast SEO plugin v27.3 - https:\/\/yoast.com\/product\/yoast-seo-wordpress\/ -->\n<title>Privacy Policy - SOMOSSAPIENS<\/title>\n<meta name=\"robots\" content=\"noindex, nofollow\" \/>\n<meta property=\"og:locale\" content=\"en_US\" \/>\n<meta property=\"og:type\" content=\"article\" \/>\n<meta property=\"og:title\" content=\"Privacy Policy - SOMOSSAPIENS\" \/>\n<meta property=\"og:description\" content=\"Privacy Policy La privacidad es de gran importancia para SOMOSSAPIENS S.L.U.\u00a0y queremos mantener una actitud abierta y transparente al tratar sus datos personales. Por lo tanto, disponemos de una pol\u00edtica que establece c\u00f3mo se tratan y protegen sus datos personales. \u00bfQui\u00e9n es el responsable del tratamiento de sus datos? DENOMINACI\u00d3N SOCIAL.- SOMOSSAPIENS S.L.U.CIF.- B87279816DOMICILIO SOCIAL.- [&hellip;]\" \/>\n<meta property=\"og:url\" content=\"https:\/\/www.somossapiens.com\/en\/privacy-policy\/\" \/>\n<meta property=\"og:site_name\" content=\"SOMOSSAPIENS\" \/>\n<meta property=\"article:publisher\" content=\"https:\/\/www.facebook.com\/somossapiens.spain\" \/>\n<meta property=\"article:modified_time\" content=\"2024-10-29T10:05:22+00:00\" \/>\n<meta property=\"og:image\" content=\"https:\/\/www.somossapiens.com\/wp-content\/uploads\/2024\/09\/somossapiens.jpg\" \/>\n\t<meta property=\"og:image:width\" content=\"1200\" \/>\n\t<meta property=\"og:image:height\" content=\"675\" \/>\n\t<meta property=\"og:image:type\" content=\"image\/jpeg\" \/>\n<meta name=\"twitter:card\" content=\"summary_large_image\" \/>\n<meta name=\"twitter:site\" content=\"@Somos_Sapiens_\" \/>\n<meta name=\"twitter:label1\" content=\"Est. reading time\" \/>\n\t<meta name=\"twitter:data1\" content=\"3 minutes\" \/>\n<script type=\"application\/ld+json\" class=\"yoast-schema-graph\">{\"@context\":\"https:\\\/\\\/schema.org\",\"@graph\":[{\"@type\":\"WebPage\",\"@id\":\"https:\\\/\\\/www.somossapiens.com\\\/en\\\/privacy-policy\\\/\",\"url\":\"https:\\\/\\\/www.somossapiens.com\\\/en\\\/privacy-policy\\\/\",\"name\":\"Privacy Policy - SOMOSSAPIENS\",\"isPartOf\":{\"@id\":\"https:\\\/\\\/www.somossapiens.com\\\/en\\\/#website\"},\"datePublished\":\"2020-09-04T17:37:51+00:00\",\"dateModified\":\"2024-10-29T10:05:22+00:00\",\"breadcrumb\":{\"@id\":\"https:\\\/\\\/www.somossapiens.com\\\/en\\\/privacy-policy\\\/#breadcrumb\"},\"inLanguage\":\"en-US\",\"potentialAction\":[{\"@type\":\"ReadAction\",\"target\":[\"https:\\\/\\\/www.somossapiens.com\\\/en\\\/privacy-policy\\\/\"]}]},{\"@type\":\"BreadcrumbList\",\"@id\":\"https:\\\/\\\/www.somossapiens.com\\\/en\\\/privacy-policy\\\/#breadcrumb\",\"itemListElement\":[{\"@type\":\"ListItem\",\"position\":1,\"name\":\"Portada\",\"item\":\"https:\\\/\\\/www.somossapiens.com\\\/en\\\/\"},{\"@type\":\"ListItem\",\"position\":2,\"name\":\"Privacy Policy\"}]},{\"@type\":\"WebSite\",\"@id\":\"https:\\\/\\\/www.somossapiens.com\\\/en\\\/#website\",\"url\":\"https:\\\/\\\/www.somossapiens.com\\\/en\\\/\",\"name\":\"SOMOS SAPIENS\",\"description\":\"Agencia de Medios\",\"publisher\":{\"@id\":\"https:\\\/\\\/www.somossapiens.com\\\/en\\\/#organization\"},\"potentialAction\":[{\"@type\":\"SearchAction\",\"target\":{\"@type\":\"EntryPoint\",\"urlTemplate\":\"https:\\\/\\\/www.somossapiens.com\\\/en\\\/?s={search_term_string}\"},\"query-input\":{\"@type\":\"PropertyValueSpecification\",\"valueRequired\":true,\"valueName\":\"search_term_string\"}}],\"inLanguage\":\"en-US\"},{\"@type\":\"Organization\",\"@id\":\"https:\\\/\\\/www.somossapiens.com\\\/en\\\/#organization\",\"name\":\"Somos Sapiens\",\"url\":\"https:\\\/\\\/www.somossapiens.com\\\/en\\\/\",\"logo\":{\"@type\":\"ImageObject\",\"inLanguage\":\"en-US\",\"@id\":\"https:\\\/\\\/www.somossapiens.com\\\/en\\\/#\\\/schema\\\/logo\\\/image\\\/\",\"url\":\"https:\\\/\\\/www.somossapiens.com\\\/wp-content\\\/uploads\\\/2021\\\/09\\\/logo-somossapiens.svg\",\"contentUrl\":\"https:\\\/\\\/www.somossapiens.com\\\/wp-content\\\/uploads\\\/2021\\\/09\\\/logo-somossapiens.svg\",\"caption\":\"Somos Sapiens\"},\"image\":{\"@id\":\"https:\\\/\\\/www.somossapiens.com\\\/en\\\/#\\\/schema\\\/logo\\\/image\\\/\"},\"sameAs\":[\"https:\\\/\\\/www.facebook.com\\\/somossapiens.spain\",\"https:\\\/\\\/x.com\\\/Somos_Sapiens_\",\"https:\\\/\\\/www.linkedin.com\\\/company\\\/somossapiens\\\/\"]}]}<\/script>\n<!-- \/ Yoast SEO plugin. -->","yoast_head_json":{"title":"Privacy Policy - SOMOSSAPIENS","robots":{"index":"noindex","follow":"nofollow"},"og_locale":"en_US","og_type":"article","og_title":"Privacy Policy - SOMOSSAPIENS","og_description":"Privacy Policy La privacidad es de gran importancia para SOMOSSAPIENS S.L.U.\u00a0y queremos mantener una actitud abierta y transparente al tratar sus datos personales. Por lo tanto, disponemos de una pol\u00edtica que establece c\u00f3mo se tratan y protegen sus datos personales. \u00bfQui\u00e9n es el responsable del tratamiento de sus datos? DENOMINACI\u00d3N SOCIAL.- SOMOSSAPIENS S.L.U.CIF.- B87279816DOMICILIO SOCIAL.- [&hellip;]","og_url":"https:\/\/www.somossapiens.com\/en\/privacy-policy\/","og_site_name":"SOMOSSAPIENS","article_publisher":"https:\/\/www.facebook.com\/somossapiens.spain","article_modified_time":"2024-10-29T10:05:22+00:00","og_image":[{"width":1200,"height":675,"url":"https:\/\/www.somossapiens.com\/wp-content\/uploads\/2024\/09\/somossapiens.jpg","type":"image\/jpeg"}],"twitter_card":"summary_large_image","twitter_site":"@Somos_Sapiens_","twitter_misc":{"Est. reading time":"3 minutes"},"schema":{"@context":"https:\/\/schema.org","@graph":[{"@type":"WebPage","@id":"https:\/\/www.somossapiens.com\/en\/privacy-policy\/","url":"https:\/\/www.somossapiens.com\/en\/privacy-policy\/","name":"Privacy Policy - SOMOSSAPIENS","isPartOf":{"@id":"https:\/\/www.somossapiens.com\/en\/#website"},"datePublished":"2020-09-04T17:37:51+00:00","dateModified":"2024-10-29T10:05:22+00:00","breadcrumb":{"@id":"https:\/\/www.somossapiens.com\/en\/privacy-policy\/#breadcrumb"},"inLanguage":"en-US","potentialAction":[{"@type":"ReadAction","target":["https:\/\/www.somossapiens.com\/en\/privacy-policy\/"]}]},{"@type":"BreadcrumbList","@id":"https:\/\/www.somossapiens.com\/en\/privacy-policy\/#breadcrumb","itemListElement":[{"@type":"ListItem","position":1,"name":"Portada","item":"https:\/\/www.somossapiens.com\/en\/"},{"@type":"ListItem","position":2,"name":"Privacy Policy"}]},{"@type":"WebSite","@id":"https:\/\/www.somossapiens.com\/en\/#website","url":"https:\/\/www.somossapiens.com\/en\/","name":"SOMOS SAPIENS","description":"Agencia de Medios","publisher":{"@id":"https:\/\/www.somossapiens.com\/en\/#organization"},"potentialAction":[{"@type":"SearchAction","target":{"@type":"EntryPoint","urlTemplate":"https:\/\/www.somossapiens.com\/en\/?s={search_term_string}"},"query-input":{"@type":"PropertyValueSpecification","valueRequired":true,"valueName":"search_term_string"}}],"inLanguage":"en-US"},{"@type":"Organization","@id":"https:\/\/www.somossapiens.com\/en\/#organization","name":"Somos Sapiens","url":"https:\/\/www.somossapiens.com\/en\/","logo":{"@type":"ImageObject","inLanguage":"en-US","@id":"https:\/\/www.somossapiens.com\/en\/#\/schema\/logo\/image\/","url":"https:\/\/www.somossapiens.com\/wp-content\/uploads\/2021\/09\/logo-somossapiens.svg","contentUrl":"https:\/\/www.somossapiens.com\/wp-content\/uploads\/2021\/09\/logo-somossapiens.svg","caption":"Somos Sapiens"},"image":{"@id":"https:\/\/www.somossapiens.com\/en\/#\/schema\/logo\/image\/"},"sameAs":["https:\/\/www.facebook.com\/somossapiens.spain","https:\/\/x.com\/Somos_Sapiens_","https:\/\/www.linkedin.com\/company\/somossapiens\/"]}]}},"_links":{"self":[{"href":"https:\/\/www.somossapiens.com\/en\/wp-json\/wp\/v2\/pages\/2195","targetHints":{"allow":["GET"]}}],"collection":[{"href":"https:\/\/www.somossapiens.com\/en\/wp-json\/wp\/v2\/pages"}],"about":[{"href":"https:\/\/www.somossapiens.com\/en\/wp-json\/wp\/v2\/types\/page"}],"author":[{"embeddable":true,"href":"https:\/\/www.somossapiens.com\/en\/wp-json\/wp\/v2\/users\/1"}],"replies":[{"embeddable":true,"href":"https:\/\/www.somossapiens.com\/en\/wp-json\/wp\/v2\/comments?post=2195"}],"version-history":[{"count":4,"href":"https:\/\/www.somossapiens.com\/en\/wp-json\/wp\/v2\/pages\/2195\/revisions"}],"predecessor-version":[{"id":2205,"href":"https:\/\/www.somossapiens.com\/en\/wp-json\/wp\/v2\/pages\/2195\/revisions\/2205"}],"wp:attachment":[{"href":"https:\/\/www.somossapiens.com\/en\/wp-json\/wp\/v2\/media?parent=2195"}],"curies":[{"name":"wp","href":"https:\/\/api.w.org\/{rel}","templated":true}]}}