{"id":2198,"date":"2020-10-14T22:40:44","date_gmt":"2020-10-14T20:40:44","guid":{"rendered":"https:\/\/www.somossapiens.com\/politica-de-cookies\/"},"modified":"2024-10-29T11:05:47","modified_gmt":"2024-10-29T10:05:47","slug":"cookies-policy","status":"publish","type":"page","link":"https:\/\/www.somossapiens.com\/en\/cookies-policy\/","title":{"rendered":"Cookies Policy"},"content":{"rendered":"\t\t<div data-elementor-type=\"wp-page\" data-elementor-id=\"2198\" class=\"elementor elementor-2198 elementor-1329\" data-elementor-post-type=\"page\">\n\t\t\t\t\t\t<section data-particle_enable=\"false\" data-particle-mobile-disabled=\"false\" class=\"elementor-section elementor-top-section elementor-element elementor-element-12edb8e elementor-section-boxed elementor-section-height-default elementor-section-height-default\" data-id=\"12edb8e\" data-element_type=\"section\" data-e-type=\"section\">\n\t\t\t\t\t\t<div class=\"elementor-container elementor-column-gap-default\">\n\t\t\t\t\t<div class=\"elementor-column elementor-col-50 elementor-top-column elementor-element elementor-element-871a6a4\" data-id=\"871a6a4\" data-element_type=\"column\" data-e-type=\"column\">\n\t\t\t<div class=\"elementor-widget-wrap elementor-element-populated\">\n\t\t\t\t\t\t<div class=\"elementor-element elementor-element-90873a0 elementor-widget elementor-widget-heading\" data-id=\"90873a0\" data-element_type=\"widget\" data-e-type=\"widget\" data-widget_type=\"heading.default\">\n\t\t\t\t<div class=\"elementor-widget-container\">\n\t\t\t\t\t<h2 class=\"elementor-heading-title elementor-size-default\">Cookies Policy<\/h2>\t\t\t\t<\/div>\n\t\t\t\t<\/div>\n\t\t\t\t\t<\/div>\n\t\t<\/div>\n\t\t\t\t<div class=\"elementor-column elementor-col-50 elementor-top-column elementor-element elementor-element-6100092\" data-id=\"6100092\" data-element_type=\"column\" data-e-type=\"column\">\n\t\t\t<div class=\"elementor-widget-wrap\">\n\t\t\t\t\t\t\t<\/div>\n\t\t<\/div>\n\t\t\t\t\t<\/div>\n\t\t<\/section>\n\t\t\t\t<section data-particle_enable=\"false\" data-particle-mobile-disabled=\"false\" class=\"elementor-section elementor-top-section elementor-element elementor-element-a30a07b elementor-section-boxed elementor-section-height-default elementor-section-height-default\" data-id=\"a30a07b\" data-element_type=\"section\" data-e-type=\"section\">\n\t\t\t\t\t\t<div class=\"elementor-container elementor-column-gap-default\">\n\t\t\t\t\t<div class=\"elementor-column elementor-col-100 elementor-top-column elementor-element elementor-element-23d2b53\" data-id=\"23d2b53\" data-element_type=\"column\" data-e-type=\"column\">\n\t\t\t<div class=\"elementor-widget-wrap elementor-element-populated\">\n\t\t\t\t\t\t<div class=\"elementor-element elementor-element-795ae28 elementor-widget elementor-widget-text-editor\" data-id=\"795ae28\" data-element_type=\"widget\" data-e-type=\"widget\" data-widget_type=\"text-editor.default\">\n\t\t\t\t<div class=\"elementor-widget-container\">\n\t\t\t\t\t\t\t\t\t<p><strong>1.- Introducci\u00f3n a la normativa<\/strong><\/p>\n<p>Cada vez que usted accede a esta web existe una comunicaci\u00f3n real y directa entre el servidor y su terminal; esta comunicaci\u00f3n genera multitud de archivos de informaci\u00f3n, entre los cuales, se encuentran las cookies.<\/p>\n<p>Una cookie es un peque\u00f1o archivo que se instala en el navegador para almacenar y recuperar datos de un terminal con la finalidad de facilitar su relaci\u00f3n con el contenido de la web.<\/p>\n<p>En cumplimiento del art\u00edculo 22.2 de la Ley 34\/2002, de 11 de julio, de Servicios de la Sociedad de la Informaci\u00f3n y de Comercio Electr\u00f3nico, siguiendo las directrices de la Agencia Espa\u00f1ola de Protecci\u00f3n de Datos, a continuaci\u00f3n se detalla el uso de cookies que se realiza en esta web.<\/p>\n<p><strong>2.- Consentimiento<\/strong><\/p>\n<p>Con la aceptaci\u00f3n de los t\u00e9rminos y condiciones de esta web, usted consiente en el uso de las cookies por parte de la misma. Este sitio web utiliza aquellas estrictamente necesarias para su correcto funcionamiento.<\/p>\n<p>El almacenamiento y tratamiento de la informaci\u00f3n as\u00ed obtenida obedece a una finalidad t\u00e9cnica para efectuar la transmisi\u00f3n de una comunicaci\u00f3n por una red de comunicaciones electr\u00f3nicas, as\u00ed como para poder llevar a cabo la prestaci\u00f3n de un servicio de la sociedad de la informaci\u00f3n expresamente solicitado por usted al acceder a la misma.<\/p>\n<p>En cualquier caso, usted puede acceder al men\u00fa de preferencias de su navegador y configurarlo para que no se instalen cookies, borrar las ya existentes y\/o eliminarlas antes de iniciar la navegaci\u00f3n por otras p\u00e1ginas del sitio web (ver siguiente apartado).<\/p>\n<p><strong>3.- Administraci\u00f3n de cookies<\/strong><\/p>\n<p>Si quiere permitir o denegar el uso de cookies en su navegador, por favor, siga las instrucciones correspondientes, en atenci\u00f3n al navegador que emplee:<\/p>\n<p><strong><u>Google Chrome<\/u><\/strong><\/p>\n<p>Para bloquear o permitir todas las cookies:<\/p>\n<ul>\n<li>Haga clic en el men\u00fa de Chrome situado en la barra de herramientas del navegador.<\/li>\n<li>Seleccione \u201cConfiguraci\u00f3n\u201d.<\/li>\n<li>Haga clic en \u201cMostrar opciones avanzadas\u2026\u201d<\/li>\n<li>En la secci\u00f3n \u201cPrivacidad\u201d, haga clic en el bot\u00f3n \u201cConfiguraci\u00f3n de contenido\u2026\u201d<\/li>\n<li>En la secci\u00f3n \u201cCookies\u201d, puede configurar las opciones:\n<ul>\n<li>Para bloquear todas las cookies, seleccione \u201cNo permitir que se guarden datos de los sitios\u201d.<\/li>\n<li>Para bloquear solo las cookies de terceros, seleccione la casilla de verificaci\u00f3n \u201cBloquear los datos de sitios y las cookies de terceros\u201d.<\/li>\n<li>Para habilitar las cookies de origen y las cookies de terceros, aseg\u00farese de que est\u00e9 seleccionada la opci\u00f3n \u201cPermitir que se almacenen datos locales\u201d. Si solo quiere aceptar cookies de origen, marque la casilla de verificaci\u00f3n \u201cBloquear todas las cookies de terceros sin excepciones\u201d.<\/li>\n<\/ul>\n<\/li>\n<\/ul>\n<p><strong><u>Microsoft Internet Explorer<\/u><\/strong><\/p>\n<p>Para bloquear o permitir todas las cookies:<\/p>\n<ul>\n<li>Para abrir Internet Explorer, haga clic en el bot\u00f3n Inicio. En el cuadro de b\u00fasqueda escriba Internet Explorer y en la lista de resultados haga clic en Internet Explorer.<\/li>\n<li>Haga clic en el bot\u00f3n \u201cHerramientas\u201d y, despu\u00e9s, en \u201cOpciones de Internet\u201d.<\/li>\n<li>Haga clic en la pesta\u00f1a \u201cPrivacidad\u201d y a continuaci\u00f3n, en \u201cConfiguraci\u00f3n\u201d, mueva el control deslizante totalmente hacia arriba para bloquear todas las cookies o totalmente hacia abajo para permitir todas las cookies. Tras ello, haga clic en \u201cAceptar\u201d.<\/li>\n<\/ul>\n<p><strong><u>Mozilla Firefox<\/u><\/strong><\/p>\n<p>Para bloquear o permitir todas las cookies:<\/p>\n<ul>\n<li>En la parte superior de la ventana de Firefox, haga clic en el bot\u00f3n \u201cFirefox\u201d y seleccione \u201cOpciones\u201d.<\/li>\n<li>Seleccione el panel \u201cPrivacidad\u201d.<\/li>\n<li>En Firefox podr\u00e1 elegir usar una configuraci\u00f3n personalizada para el historial.<\/li>\n<li>Marque la opci\u00f3n \u201cAceptar cookies\u201d para activarlas, y desm\u00e1rcala para desactivarlas.\n<ul>\n<li>Si est\u00e1 tratando de resolver problemas relacionados con las cookies, aseg\u00farese de que la opci\u00f3n \u201cIncluso las de terceros\u201d no est\u00e1 marcada con el valor \u201cNunca\u201d.<\/li>\n<\/ul>\n<\/li>\n<li>Elija durante cu\u00e1nto tiempo las cookies ser\u00e1n almacenadas:\n<ul>\n<li>Mantener hasta que: caduquen (las cookies se borrar\u00e1n cuando alcancen su fecha de caducidad, que la configura el sitio que envi\u00f3 la cookie).<\/li>\n<li>Mantener hasta que: cierre Firefox (las cookies que son almacenadas en su ordenador ser\u00e1n borradas cuando se cierre Firefox).<\/li>\n<li>Mantener hasta que: preguntar siempre (muestra una alerta cada vez que un sitio web intenta enviar cookies preguntando si deseas almacenarlas).<\/li>\n<\/ul>\n<\/li>\n<li>Haz clic en \u201cAceptar\u201d para cerrar la ventana de Opciones.<\/li>\n<\/ul>\n<p><strong><u>Safari<\/u><\/strong><\/p>\n<p>Para bloquear o permitir todas las cookies:<\/p>\n<ul>\n<li>En la pantalla de \u201cInicio\u201d haga clic en \u201cAjustes\u201d, haga clic en \u201cSafari\u201d y despu\u00e9s en \u201cIndicar si Safari acepta cookies\u201d.<\/li>\n<li>Pulse \u201cAceptar cookies\u201d y elija \u201cNunca\u201d, \u201cDe las visitadas\u201d o \u201cSiempre\u201d.<\/li>\n<\/ul>\n<p><strong><u>Opera<\/u><\/strong><\/p>\n<p>Para bloquear o permitir todas las cookies:<\/p>\n<ul>\n<li>Entre en \u201cConfiguraci\u00f3n\u201d, haga clic en \u201cOpciones\u201d, despu\u00e9s en \u201cAvanzado\u201d, luego en \u201cCookies\u201d.<\/li>\n<li>Las opciones de cookies controlan el modo en que Opera los maneja. El modo predeterminado es aceptar todas los cookies.\n<ul>\n<li>Aceptar cookies: se aceptan todos (predeterminado).<\/li>\n<li>Aceptar cookies s\u00f3lo del sitio visitado: se rechazan los cookies de terceros, para dominios externos al que se est\u00e1 visitando.<\/li>\n<li>No aceptar cookies nunca: se rechazan todos.<\/li>\n<\/ul>\n<\/li>\n<\/ul>\n<p><strong><u>Blackberry<\/u><\/strong><\/p>\n<p>Para bloquear o permitir todas las cookies:<\/p>\n<ul>\n<li>En la pantalla de inicio, haga clic en el icono \u201cNavegador\u201d.<\/li>\n<li>Pulse la tecla \u201cOpciones\u201d.<\/li>\n<li>En la secci\u00f3n \u201cPrivacidad y seguridad\u201d, desactive la casilla de verificaci\u00f3n \u201cAceptar cookies\u201d.<\/li>\n<li>Pulse la tecla \u201cGuardar\u201d.<\/li>\n<\/ul>\n<p><strong><u>Android Browser<\/u><\/strong><\/p>\n<p>Para bloquear o permitir todas las cookies:<\/p>\n<ul>\n<li>Pulse el icono \u201cInternet\u201d en su terminal.<\/li>\n<li>Iniciado el navegador, pulse el bot\u00f3n \u201cMen\u00fa\u201d del tel\u00e9fono.<\/li>\n<li>En las lista de opciones, elija \u201cM\u00e1s\u201d y seleccione \u201cConfiguraci\u00f3n\u201d.<\/li>\n<li>Despl\u00e1cese por la lista resultante y active o desactive \u201cAceptar cookies\u201d.<\/li>\n<\/ul>\n<p><strong>4.- Uso de cookies<\/strong><\/p>\n<p><u>Cookies estrictamente necesarias<\/u><\/p>\n<p>Estas cookies son necesarias para el correcto uso de la p\u00e1gina web, permitiendo el acceso a secciones que cuentan con filtros de seguridad. Sin estas cookies, muchos de los servicios disponibles no estar\u00edan operativos.<\/p>\n<p><u>Cookies ajenas<\/u><\/p>\n<p>Son cookies ajenas a este sitio web.<\/p>\n<p>Este sitio web no se puede hacer responsable del contenido y veracidad de las pol\u00edticas de privacidad que los terceros incluyen, por lo que la informaci\u00f3n que el sitio web ofrece es siempre con referencia a la fuente.<\/p>\n<p>En caso de dudas dir\u00edjase al webmaster del dominio creador de la cookie. Si desea consultar las condiciones completas de uso del sitio, puede acceder a trav\u00e9s del enlace proporcionado en la tabla.<\/p>\n<p><u>Cookies de terceros<\/u><\/p>\n<p>Estas cookies son generadas por nuestro sitio web, pero gestionadas y administradas exclusivamente por un prestador de servicios.<\/p>\t\t\t\t\t\t\t\t<\/div>\n\t\t\t\t<\/div>\n\t\t\t\t\t<\/div>\n\t\t<\/div>\n\t\t\t\t\t<\/div>\n\t\t<\/section>\n\t\t\t\t<\/div>\n\t\t","protected":false},"excerpt":{"rendered":"<p>Cookies Policy 1.- Introducci\u00f3n a la normativa Cada vez que usted accede a esta web existe una comunicaci\u00f3n real y directa entre el servidor y su terminal; esta comunicaci\u00f3n genera multitud de archivos de informaci\u00f3n, entre los cuales, se encuentran las cookies. Una cookie es un peque\u00f1o archivo que se instala en el navegador para [&hellip;]<\/p>\n","protected":false},"author":1,"featured_media":0,"parent":0,"menu_order":0,"comment_status":"closed","ping_status":"open","template":"","meta":{"_acf_changed":false,"footnotes":""},"class_list":["post-2198","page","type-page","status-publish","hentry"],"acf":[],"yoast_head":"<!-- This site is optimized with the Yoast SEO plugin v27.3 - https:\/\/yoast.com\/product\/yoast-seo-wordpress\/ -->\n<title>Cookies Policy - SOMOSSAPIENS<\/title>\n<meta name=\"robots\" content=\"noindex, nofollow\" \/>\n<meta property=\"og:locale\" content=\"en_US\" \/>\n<meta property=\"og:type\" content=\"article\" \/>\n<meta property=\"og:title\" content=\"Cookies Policy - SOMOSSAPIENS\" \/>\n<meta property=\"og:description\" content=\"Cookies Policy 1.- Introducci\u00f3n a la normativa Cada vez que usted accede a esta web existe una comunicaci\u00f3n real y directa entre el servidor y su terminal; esta comunicaci\u00f3n genera multitud de archivos de informaci\u00f3n, entre los cuales, se encuentran las cookies. Una cookie es un peque\u00f1o archivo que se instala en el navegador para [&hellip;]\" \/>\n<meta property=\"og:url\" content=\"https:\/\/www.somossapiens.com\/en\/cookies-policy\/\" \/>\n<meta property=\"og:site_name\" content=\"SOMOSSAPIENS\" \/>\n<meta property=\"article:publisher\" content=\"https:\/\/www.facebook.com\/somossapiens.spain\" \/>\n<meta property=\"article:modified_time\" content=\"2024-10-29T10:05:47+00:00\" \/>\n<meta property=\"og:image\" content=\"https:\/\/www.somossapiens.com\/wp-content\/uploads\/2024\/09\/somossapiens.jpg\" \/>\n\t<meta property=\"og:image:width\" content=\"1200\" \/>\n\t<meta property=\"og:image:height\" content=\"675\" \/>\n\t<meta property=\"og:image:type\" content=\"image\/jpeg\" \/>\n<meta name=\"twitter:card\" content=\"summary_large_image\" \/>\n<meta name=\"twitter:site\" content=\"@Somos_Sapiens_\" \/>\n<meta name=\"twitter:label1\" content=\"Est. reading time\" \/>\n\t<meta name=\"twitter:data1\" content=\"5 minutes\" \/>\n<script type=\"application\/ld+json\" class=\"yoast-schema-graph\">{\"@context\":\"https:\\\/\\\/schema.org\",\"@graph\":[{\"@type\":\"WebPage\",\"@id\":\"https:\\\/\\\/www.somossapiens.com\\\/en\\\/cookies-policy\\\/\",\"url\":\"https:\\\/\\\/www.somossapiens.com\\\/en\\\/cookies-policy\\\/\",\"name\":\"Cookies Policy - SOMOSSAPIENS\",\"isPartOf\":{\"@id\":\"https:\\\/\\\/www.somossapiens.com\\\/en\\\/#website\"},\"datePublished\":\"2020-10-14T20:40:44+00:00\",\"dateModified\":\"2024-10-29T10:05:47+00:00\",\"breadcrumb\":{\"@id\":\"https:\\\/\\\/www.somossapiens.com\\\/en\\\/cookies-policy\\\/#breadcrumb\"},\"inLanguage\":\"en-US\",\"potentialAction\":[{\"@type\":\"ReadAction\",\"target\":[\"https:\\\/\\\/www.somossapiens.com\\\/en\\\/cookies-policy\\\/\"]}]},{\"@type\":\"BreadcrumbList\",\"@id\":\"https:\\\/\\\/www.somossapiens.com\\\/en\\\/cookies-policy\\\/#breadcrumb\",\"itemListElement\":[{\"@type\":\"ListItem\",\"position\":1,\"name\":\"Portada\",\"item\":\"https:\\\/\\\/www.somossapiens.com\\\/en\\\/\"},{\"@type\":\"ListItem\",\"position\":2,\"name\":\"Cookies Policy\"}]},{\"@type\":\"WebSite\",\"@id\":\"https:\\\/\\\/www.somossapiens.com\\\/en\\\/#website\",\"url\":\"https:\\\/\\\/www.somossapiens.com\\\/en\\\/\",\"name\":\"SOMOS SAPIENS\",\"description\":\"Agencia de Medios\",\"publisher\":{\"@id\":\"https:\\\/\\\/www.somossapiens.com\\\/en\\\/#organization\"},\"potentialAction\":[{\"@type\":\"SearchAction\",\"target\":{\"@type\":\"EntryPoint\",\"urlTemplate\":\"https:\\\/\\\/www.somossapiens.com\\\/en\\\/?s={search_term_string}\"},\"query-input\":{\"@type\":\"PropertyValueSpecification\",\"valueRequired\":true,\"valueName\":\"search_term_string\"}}],\"inLanguage\":\"en-US\"},{\"@type\":\"Organization\",\"@id\":\"https:\\\/\\\/www.somossapiens.com\\\/en\\\/#organization\",\"name\":\"Somos Sapiens\",\"url\":\"https:\\\/\\\/www.somossapiens.com\\\/en\\\/\",\"logo\":{\"@type\":\"ImageObject\",\"inLanguage\":\"en-US\",\"@id\":\"https:\\\/\\\/www.somossapiens.com\\\/en\\\/#\\\/schema\\\/logo\\\/image\\\/\",\"url\":\"https:\\\/\\\/www.somossapiens.com\\\/wp-content\\\/uploads\\\/2021\\\/09\\\/logo-somossapiens.svg\",\"contentUrl\":\"https:\\\/\\\/www.somossapiens.com\\\/wp-content\\\/uploads\\\/2021\\\/09\\\/logo-somossapiens.svg\",\"caption\":\"Somos Sapiens\"},\"image\":{\"@id\":\"https:\\\/\\\/www.somossapiens.com\\\/en\\\/#\\\/schema\\\/logo\\\/image\\\/\"},\"sameAs\":[\"https:\\\/\\\/www.facebook.com\\\/somossapiens.spain\",\"https:\\\/\\\/x.com\\\/Somos_Sapiens_\",\"https:\\\/\\\/www.linkedin.com\\\/company\\\/somossapiens\\\/\"]}]}<\/script>\n<!-- \/ Yoast SEO plugin. -->","yoast_head_json":{"title":"Cookies Policy - SOMOSSAPIENS","robots":{"index":"noindex","follow":"nofollow"},"og_locale":"en_US","og_type":"article","og_title":"Cookies Policy - SOMOSSAPIENS","og_description":"Cookies Policy 1.- Introducci\u00f3n a la normativa Cada vez que usted accede a esta web existe una comunicaci\u00f3n real y directa entre el servidor y su terminal; esta comunicaci\u00f3n genera multitud de archivos de informaci\u00f3n, entre los cuales, se encuentran las cookies. Una cookie es un peque\u00f1o archivo que se instala en el navegador para [&hellip;]","og_url":"https:\/\/www.somossapiens.com\/en\/cookies-policy\/","og_site_name":"SOMOSSAPIENS","article_publisher":"https:\/\/www.facebook.com\/somossapiens.spain","article_modified_time":"2024-10-29T10:05:47+00:00","og_image":[{"width":1200,"height":675,"url":"https:\/\/www.somossapiens.com\/wp-content\/uploads\/2024\/09\/somossapiens.jpg","type":"image\/jpeg"}],"twitter_card":"summary_large_image","twitter_site":"@Somos_Sapiens_","twitter_misc":{"Est. reading time":"5 minutes"},"schema":{"@context":"https:\/\/schema.org","@graph":[{"@type":"WebPage","@id":"https:\/\/www.somossapiens.com\/en\/cookies-policy\/","url":"https:\/\/www.somossapiens.com\/en\/cookies-policy\/","name":"Cookies Policy - SOMOSSAPIENS","isPartOf":{"@id":"https:\/\/www.somossapiens.com\/en\/#website"},"datePublished":"2020-10-14T20:40:44+00:00","dateModified":"2024-10-29T10:05:47+00:00","breadcrumb":{"@id":"https:\/\/www.somossapiens.com\/en\/cookies-policy\/#breadcrumb"},"inLanguage":"en-US","potentialAction":[{"@type":"ReadAction","target":["https:\/\/www.somossapiens.com\/en\/cookies-policy\/"]}]},{"@type":"BreadcrumbList","@id":"https:\/\/www.somossapiens.com\/en\/cookies-policy\/#breadcrumb","itemListElement":[{"@type":"ListItem","position":1,"name":"Portada","item":"https:\/\/www.somossapiens.com\/en\/"},{"@type":"ListItem","position":2,"name":"Cookies Policy"}]},{"@type":"WebSite","@id":"https:\/\/www.somossapiens.com\/en\/#website","url":"https:\/\/www.somossapiens.com\/en\/","name":"SOMOS SAPIENS","description":"Agencia de Medios","publisher":{"@id":"https:\/\/www.somossapiens.com\/en\/#organization"},"potentialAction":[{"@type":"SearchAction","target":{"@type":"EntryPoint","urlTemplate":"https:\/\/www.somossapiens.com\/en\/?s={search_term_string}"},"query-input":{"@type":"PropertyValueSpecification","valueRequired":true,"valueName":"search_term_string"}}],"inLanguage":"en-US"},{"@type":"Organization","@id":"https:\/\/www.somossapiens.com\/en\/#organization","name":"Somos Sapiens","url":"https:\/\/www.somossapiens.com\/en\/","logo":{"@type":"ImageObject","inLanguage":"en-US","@id":"https:\/\/www.somossapiens.com\/en\/#\/schema\/logo\/image\/","url":"https:\/\/www.somossapiens.com\/wp-content\/uploads\/2021\/09\/logo-somossapiens.svg","contentUrl":"https:\/\/www.somossapiens.com\/wp-content\/uploads\/2021\/09\/logo-somossapiens.svg","caption":"Somos Sapiens"},"image":{"@id":"https:\/\/www.somossapiens.com\/en\/#\/schema\/logo\/image\/"},"sameAs":["https:\/\/www.facebook.com\/somossapiens.spain","https:\/\/x.com\/Somos_Sapiens_","https:\/\/www.linkedin.com\/company\/somossapiens\/"]}]}},"_links":{"self":[{"href":"https:\/\/www.somossapiens.com\/en\/wp-json\/wp\/v2\/pages\/2198","targetHints":{"allow":["GET"]}}],"collection":[{"href":"https:\/\/www.somossapiens.com\/en\/wp-json\/wp\/v2\/pages"}],"about":[{"href":"https:\/\/www.somossapiens.com\/en\/wp-json\/wp\/v2\/types\/page"}],"author":[{"embeddable":true,"href":"https:\/\/www.somossapiens.com\/en\/wp-json\/wp\/v2\/users\/1"}],"replies":[{"embeddable":true,"href":"https:\/\/www.somossapiens.com\/en\/wp-json\/wp\/v2\/comments?post=2198"}],"version-history":[{"count":4,"href":"https:\/\/www.somossapiens.com\/en\/wp-json\/wp\/v2\/pages\/2198\/revisions"}],"predecessor-version":[{"id":2202,"href":"https:\/\/www.somossapiens.com\/en\/wp-json\/wp\/v2\/pages\/2198\/revisions\/2202"}],"wp:attachment":[{"href":"https:\/\/www.somossapiens.com\/en\/wp-json\/wp\/v2\/media?parent=2198"}],"curies":[{"name":"wp","href":"https:\/\/api.w.org\/{rel}","templated":true}]}}